{"id":19,"date":"2024-02-13T20:55:46","date_gmt":"2024-02-13T19:55:46","guid":{"rendered":"http:\/\/dominikamakles.pl\/?page_id=19"},"modified":"2024-02-14T18:34:18","modified_gmt":"2024-02-14T17:34:18","slug":"strona-glowna","status":"publish","type":"page","link":"https:\/\/dominikamakles.pl\/","title":{"rendered":"Maksyma"},"content":{"rendered":"\n<p class=\"has-text-align-left\">Piana to struktura w naszej g\u0142owie, kt\u00f3ra wype\u0142nia j\u0105 po brzegi. Powoduje, \u017ce ci\u0119\u017cko nam poj\u0105\u0107 wiele rzeczy. Nie ma na to zwyczajnie miejsca. Ale pami\u0119tajmy, \u017ce ma ona wiele p\u0119cherzyk\u00f3w, kt\u00f3re uskuteczni\u0105 wyg\u0142uszenie. Upuszczenie powietrza, umo\u017cliwiaj\u0105 motywacje, te oczywiste i te dyskusyjne. Z racji takiej, \u017ce tych nietypowych jest wi\u0119cej, naturalnym stanem jest w\u0105tpliwo\u015b\u0107, w kt\u00f3r\u0105 cz\u0119sto popadamy. Zag\u0142\u0119biajmy si\u0119 wielokrotnie w te tre\u015bci, aby sceptycyzm i zagubienie budowa\u0142o trzon, kt\u00f3ry umo\u017cliwi nam by\u0107 oczywist\u0105 motywacj\u0105 dla innych.<\/p>\n\n\n\n<p class=\"has-text-align-right\">Dominika Makles<\/p>\n\n\n\n<p><\/p>\n","protected":false},"excerpt":{"rendered":"<p>Piana to struktura w naszej g\u0142owie, kt\u00f3ra wype\u0142nia j\u0105 po brzegi. Powoduje, \u017ce ci\u0119\u017cko nam poj\u0105\u0107 wiele rzeczy. Nie ma na to zwyczajnie miejsca. Ale pami\u0119tajmy, \u017ce ma ona wiele p\u0119cherzyk\u00f3w, kt\u00f3re uskuteczni\u0105 wyg\u0142uszenie. Upuszczenie powietrza, umo\u017cliwiaj\u0105 motywacje, te oczywiste i te dyskusyjne. Z racji takiej, \u017ce tych nietypowych jest wi\u0119cej, naturalnym stanem jest w\u0105tpliwo\u015b\u0107, &hellip; <\/p>\n<p class=\"link-more\"><a href=\"https:\/\/dominikamakles.pl\/\" class=\"more-link\">Czytaj dalej<span class=\"screen-reader-text\"> \u201eMaksyma\u201d<\/span><\/a><\/p>\n","protected":false},"author":1,"featured_media":0,"parent":0,"menu_order":0,"comment_status":"closed","ping_status":"closed","template":"","meta":{"footnotes":""},"class_list":["post-19","page","type-page","status-publish","hentry"],"_links":{"self":[{"href":"https:\/\/dominikamakles.pl\/index.php?rest_route=\/wp\/v2\/pages\/19","targetHints":{"allow":["GET"]}}],"collection":[{"href":"https:\/\/dominikamakles.pl\/index.php?rest_route=\/wp\/v2\/pages"}],"about":[{"href":"https:\/\/dominikamakles.pl\/index.php?rest_route=\/wp\/v2\/types\/page"}],"author":[{"embeddable":true,"href":"https:\/\/dominikamakles.pl\/index.php?rest_route=\/wp\/v2\/users\/1"}],"replies":[{"embeddable":true,"href":"https:\/\/dominikamakles.pl\/index.php?rest_route=%2Fwp%2Fv2%2Fcomments&post=19"}],"version-history":[{"count":6,"href":"https:\/\/dominikamakles.pl\/index.php?rest_route=\/wp\/v2\/pages\/19\/revisions"}],"predecessor-version":[{"id":66,"href":"https:\/\/dominikamakles.pl\/index.php?rest_route=\/wp\/v2\/pages\/19\/revisions\/66"}],"wp:attachment":[{"href":"https:\/\/dominikamakles.pl\/index.php?rest_route=%2Fwp%2Fv2%2Fmedia&parent=19"}],"curies":[{"name":"wp","href":"https:\/\/api.w.org\/{rel}","templated":true}]}}